{"id":29,"date":"2015-06-29T16:57:35","date_gmt":"2015-06-29T14:57:35","guid":{"rendered":"http:\/\/www.test.hof-gorisen.ch\/?page_id=29"},"modified":"2024-06-22T21:11:00","modified_gmt":"2024-06-22T19:11:00","slug":"iines-parley-arabian","status":"publish","type":"page","link":"https:\/\/www.hof-gorisen.ch\/?page_id=29","title":{"rendered":"Iines Parley Arabian (Miley)"},"content":{"rendered":"<p><a href=\"http:\/\/www.test.hof-gorisen.ch\/wp-content\/uploads\/2018\/02\/IMG_9844.jpg\"><img loading=\"lazy\" decoding=\"async\" class=\"alignnone size-medium wp-image-426\" src=\"http:\/\/www.test.hof-gorisen.ch\/wp-content\/uploads\/2018\/02\/IMG_9844-300x225.jpg\" alt=\"\" width=\"300\" height=\"225\" srcset=\"https:\/\/www.hof-gorisen.ch\/wp-content\/uploads\/2018\/02\/IMG_9844-300x225.jpg 300w, https:\/\/www.hof-gorisen.ch\/wp-content\/uploads\/2018\/02\/IMG_9844.jpg 640w\" sizes=\"auto, (max-width: 300px) 100vw, 300px\" \/><\/a><img loading=\"lazy\" decoding=\"async\" class=\"alignnone size-medium wp-image-125\" src=\"http:\/\/www.test.hof-gorisen.ch\/wp-content\/uploads\/2016\/01\/DSC_0151-201x300.jpg\" alt=\"\" width=\"201\" height=\"300\" srcset=\"https:\/\/www.hof-gorisen.ch\/wp-content\/uploads\/2016\/01\/DSC_0151-201x300.jpg 201w, https:\/\/www.hof-gorisen.ch\/wp-content\/uploads\/2016\/01\/DSC_0151-685x1024.jpg 685w\" sizes=\"auto, (max-width: 201px) 100vw, 201px\" \/><\/p>\n<p>Unsere kleine quirlige Miley ist immer auf Zack und gut drauf. Ihre gr\u00f6sste Leidenschaft ist Welpen zu pflegen. Sie hatte selber 4 W\u00fcrfe liebevoll grossgezogen und ist f\u00fcr unsere English Cocker Spaniel und Goldenwelpen die beste Tante die man sich vorstellen kann.<\/p>\n\n\n<figure class=\"wp-block-image size-large\"><a href=\"http:\/\/www.hof-gorisen.ch\/wp-content\/uploads\/2016\/01\/IMG_0499.jpg\"><img loading=\"lazy\" decoding=\"async\" width=\"768\" height=\"1024\" src=\"http:\/\/www.hof-gorisen.ch\/wp-content\/uploads\/2016\/01\/IMG_0499-768x1024.jpg\" alt=\"\" class=\"wp-image-128\" srcset=\"https:\/\/www.hof-gorisen.ch\/wp-content\/uploads\/2016\/01\/IMG_0499-768x1024.jpg 768w, https:\/\/www.hof-gorisen.ch\/wp-content\/uploads\/2016\/01\/IMG_0499-225x300.jpg 225w, https:\/\/www.hof-gorisen.ch\/wp-content\/uploads\/2016\/01\/IMG_0499.jpg 1536w\" sizes=\"auto, (max-width: 768px) 100vw, 768px\" \/><\/a><\/figure>\n\n\n\n<figure class=\"wp-block-gallery has-nested-images columns-default is-cropped wp-block-gallery-1 is-layout-flex wp-block-gallery-is-layout-flex\">\n<figure class=\"wp-block-image size-large\"><a href=\"https:\/\/www.hof-gorisen.ch\/wp-content\/uploads\/2016\/01\/DSC_0151.jpg\"><img loading=\"lazy\" decoding=\"async\" width=\"685\" height=\"1024\" data-id=\"125\" src=\"https:\/\/www.hof-gorisen.ch\/wp-content\/uploads\/2016\/01\/DSC_0151-685x1024.jpg\" alt=\"\" class=\"wp-image-125\" srcset=\"https:\/\/www.hof-gorisen.ch\/wp-content\/uploads\/2016\/01\/DSC_0151-685x1024.jpg 685w, https:\/\/www.hof-gorisen.ch\/wp-content\/uploads\/2016\/01\/DSC_0151-201x300.jpg 201w\" sizes=\"auto, (max-width: 685px) 100vw, 685px\" \/><\/a><\/figure>\n\n\n\n<figure class=\"wp-block-image size-large\"><a href=\"https:\/\/www.hof-gorisen.ch\/wp-content\/uploads\/2016\/01\/IMG_1833.jpg\"><img loading=\"lazy\" decoding=\"async\" width=\"768\" height=\"1024\" data-id=\"134\" src=\"https:\/\/www.hof-gorisen.ch\/wp-content\/uploads\/2016\/01\/IMG_1833-768x1024.jpg\" alt=\"\" class=\"wp-image-134\" srcset=\"https:\/\/www.hof-gorisen.ch\/wp-content\/uploads\/2016\/01\/IMG_1833-768x1024.jpg 768w, https:\/\/www.hof-gorisen.ch\/wp-content\/uploads\/2016\/01\/IMG_1833-225x300.jpg 225w\" sizes=\"auto, (max-width: 768px) 100vw, 768px\" \/><\/a><\/figure>\n\n\n\n<figure class=\"wp-block-image size-large\"><a href=\"https:\/\/www.hof-gorisen.ch\/wp-content\/uploads\/2016\/01\/IMG_1300.jpg\"><img loading=\"lazy\" decoding=\"async\" width=\"768\" height=\"1024\" data-id=\"132\" src=\"https:\/\/www.hof-gorisen.ch\/wp-content\/uploads\/2016\/01\/IMG_1300-768x1024.jpg\" alt=\"\" class=\"wp-image-132\" srcset=\"https:\/\/www.hof-gorisen.ch\/wp-content\/uploads\/2016\/01\/IMG_1300-768x1024.jpg 768w, https:\/\/www.hof-gorisen.ch\/wp-content\/uploads\/2016\/01\/IMG_1300-225x300.jpg 225w\" sizes=\"auto, (max-width: 768px) 100vw, 768px\" \/><\/a><\/figure>\n\n\n\n<figure class=\"wp-block-image size-large\"><a href=\"https:\/\/www.hof-gorisen.ch\/wp-content\/uploads\/2016\/01\/IMG_5493.jpg\"><img loading=\"lazy\" decoding=\"async\" width=\"1024\" height=\"768\" data-id=\"136\" src=\"https:\/\/www.hof-gorisen.ch\/wp-content\/uploads\/2016\/01\/IMG_5493-1024x768.jpg\" alt=\"\" class=\"wp-image-136\" srcset=\"https:\/\/www.hof-gorisen.ch\/wp-content\/uploads\/2016\/01\/IMG_5493-1024x768.jpg 1024w, https:\/\/www.hof-gorisen.ch\/wp-content\/uploads\/2016\/01\/IMG_5493-300x225.jpg 300w\" sizes=\"auto, (max-width: 1024px) 100vw, 1024px\" \/><\/a><\/figure>\n\n\n\n<figure class=\"wp-block-image size-large\"><a href=\"https:\/\/www.hof-gorisen.ch\/wp-content\/uploads\/2016\/01\/IMG_5516.jpg\"><img loading=\"lazy\" decoding=\"async\" width=\"1024\" height=\"768\" data-id=\"139\" src=\"https:\/\/www.hof-gorisen.ch\/wp-content\/uploads\/2016\/01\/IMG_5516-1024x768.jpg\" alt=\"\" class=\"wp-image-139\" srcset=\"https:\/\/www.hof-gorisen.ch\/wp-content\/uploads\/2016\/01\/IMG_5516-1024x768.jpg 1024w, https:\/\/www.hof-gorisen.ch\/wp-content\/uploads\/2016\/01\/IMG_5516-300x225.jpg 300w\" sizes=\"auto, (max-width: 1024px) 100vw, 1024px\" \/><\/a><\/figure>\n\n\n\n<figure class=\"wp-block-image size-large\"><a href=\"https:\/\/www.hof-gorisen.ch\/wp-content\/uploads\/2016\/01\/IMG_5506.jpg\"><img loading=\"lazy\" decoding=\"async\" width=\"1024\" height=\"768\" data-id=\"137\" src=\"https:\/\/www.hof-gorisen.ch\/wp-content\/uploads\/2016\/01\/IMG_5506-1024x768.jpg\" alt=\"\" class=\"wp-image-137\" srcset=\"https:\/\/www.hof-gorisen.ch\/wp-content\/uploads\/2016\/01\/IMG_5506-1024x768.jpg 1024w, https:\/\/www.hof-gorisen.ch\/wp-content\/uploads\/2016\/01\/IMG_5506-300x225.jpg 300w\" sizes=\"auto, (max-width: 1024px) 100vw, 1024px\" \/><\/a><\/figure>\n\n\n\n<figure class=\"wp-block-image size-large\"><a href=\"https:\/\/www.hof-gorisen.ch\/wp-content\/uploads\/2017\/01\/IMG_9062.jpg\"><img loading=\"lazy\" decoding=\"async\" width=\"1024\" height=\"768\" data-id=\"306\" src=\"https:\/\/www.hof-gorisen.ch\/wp-content\/uploads\/2017\/01\/IMG_9062-1024x768.jpg\" alt=\"\" class=\"wp-image-306\" srcset=\"https:\/\/www.hof-gorisen.ch\/wp-content\/uploads\/2017\/01\/IMG_9062-1024x768.jpg 1024w, https:\/\/www.hof-gorisen.ch\/wp-content\/uploads\/2017\/01\/IMG_9062-300x225.jpg 300w, https:\/\/www.hof-gorisen.ch\/wp-content\/uploads\/2017\/01\/IMG_9062-768x576.jpg 768w\" sizes=\"auto, (max-width: 1024px) 100vw, 1024px\" \/><\/a><\/figure>\n\n\n\n<figure class=\"wp-block-image size-large\"><a href=\"https:\/\/www.hof-gorisen.ch\/wp-content\/uploads\/2018\/02\/IMG_9841.jpg\"><img loading=\"lazy\" decoding=\"async\" width=\"640\" height=\"480\" data-id=\"425\" src=\"https:\/\/www.hof-gorisen.ch\/wp-content\/uploads\/2018\/02\/IMG_9841.jpg\" alt=\"\" class=\"wp-image-425\" srcset=\"https:\/\/www.hof-gorisen.ch\/wp-content\/uploads\/2018\/02\/IMG_9841.jpg 640w, https:\/\/www.hof-gorisen.ch\/wp-content\/uploads\/2018\/02\/IMG_9841-300x225.jpg 300w\" sizes=\"auto, (max-width: 640px) 100vw, 640px\" \/><\/a><\/figure>\n<\/figure>\n\n\n\n<h2 class=\"wp-block-heading\"><a href=\"https:\/\/www.hof-gorisen.ch\/?p=1439\" data-type=\"post\" data-id=\"1439\">Miley<\/a><\/h2>\n","protected":false},"excerpt":{"rendered":"<p>Unsere kleine quirlige Miley ist immer auf Zack und gut drauf. Ihre gr\u00f6sste Leidenschaft ist Welpen zu pflegen. Sie hatte<\/p>\n","protected":false},"author":1,"featured_media":190,"parent":16,"menu_order":1,"comment_status":"closed","ping_status":"open","template":"","meta":{"footnotes":""},"class_list":["post-29","page","type-page","status-publish","has-post-thumbnail","hentry"],"_links":{"self":[{"href":"https:\/\/www.hof-gorisen.ch\/index.php?rest_route=\/wp\/v2\/pages\/29","targetHints":{"allow":["GET"]}}],"collection":[{"href":"https:\/\/www.hof-gorisen.ch\/index.php?rest_route=\/wp\/v2\/pages"}],"about":[{"href":"https:\/\/www.hof-gorisen.ch\/index.php?rest_route=\/wp\/v2\/types\/page"}],"author":[{"embeddable":true,"href":"https:\/\/www.hof-gorisen.ch\/index.php?rest_route=\/wp\/v2\/users\/1"}],"replies":[{"embeddable":true,"href":"https:\/\/www.hof-gorisen.ch\/index.php?rest_route=%2Fwp%2Fv2%2Fcomments&post=29"}],"version-history":[{"count":6,"href":"https:\/\/www.hof-gorisen.ch\/index.php?rest_route=\/wp\/v2\/pages\/29\/revisions"}],"predecessor-version":[{"id":1454,"href":"https:\/\/www.hof-gorisen.ch\/index.php?rest_route=\/wp\/v2\/pages\/29\/revisions\/1454"}],"up":[{"embeddable":true,"href":"https:\/\/www.hof-gorisen.ch\/index.php?rest_route=\/wp\/v2\/pages\/16"}],"wp:featuredmedia":[{"embeddable":true,"href":"https:\/\/www.hof-gorisen.ch\/index.php?rest_route=\/wp\/v2\/media\/190"}],"wp:attachment":[{"href":"https:\/\/www.hof-gorisen.ch\/index.php?rest_route=%2Fwp%2Fv2%2Fmedia&parent=29"}],"curies":[{"name":"wp","href":"https:\/\/api.w.org\/{rel}","templated":true}]}}